{"id":8,"date":"2023-06-20T23:52:41","date_gmt":"2023-06-20T23:52:41","guid":{"rendered":"https:\/\/todoporsalud.com\/?page_id=8"},"modified":"2023-06-28T19:58:33","modified_gmt":"2023-06-28T19:58:33","slug":"todo-por-salud","status":"publish","type":"page","link":"https:\/\/todoporsalud.com\/","title":{"rendered":"TODO POR SALUD"},"content":{"rendered":"\n<p class=\"has-text-align-center\"><strong>La Web especializada en art\u00edculos de salud, recetas, dietas, ejercicios, deportes, h\u00e1bitos y mucho m\u00e1s, todo en un solo lugar y para tu salud. <\/strong><\/p>\n\n\n\n<p class=\"has-text-align-left\">Con tanta informaci\u00f3n en internet, puede ser dif\u00edcil determinar qu\u00e9 es exacto, pero aqu\u00ed tienes todo en un solo lugar, en <strong>todoporsalud.com<\/strong> podemos aportarte valiosas ideas sobre temas como el metabolismo, la nutrici\u00f3n y el ejercicio, nuestro sitio esta lleno de art\u00edculos informativos y consejos para mejorar la salud en general, as\u00ed como informaci\u00f3n sobre dietas y nutrici\u00f3n adaptados a distintas necesidades. Manteni\u00e9ndose al d\u00eda de las \u00faltimas noticias y descubrimientos sobre salud, tu podr\u00e1s tomar mejores decisiones sobre tu estilo de vida, incorporando los consejos y h\u00e1bitos sugeridos para tener una vida mas saludable.<\/p>\n\n\n\n<div class=\"wp-block-columns is-layout-flex wp-container-core-columns-is-layout-9d6595d7 wp-block-columns-is-layout-flex\">\n<div class=\"wp-block-column is-layout-flow wp-block-column-is-layout-flow\">\n<figure class=\"wp-block-image size-full is-resized\"><a href=\"https:\/\/todoporsalud.com\/?cat=2\"><img loading=\"lazy\" decoding=\"async\" src=\"https:\/\/todoporsalud.com\/wp-content\/uploads\/2023\/06\/metabolismo.jpg\" alt=\"\" class=\"wp-image-11\" width=\"250\" height=\"105\"\/><\/a><\/figure>\n\n\n\n<p class=\"has-text-align-center\"><a href=\"https:\/\/todoporsalud.com\/?cat=2\">Metabolismo<\/a><\/p>\n<\/div>\n\n\n\n<div class=\"wp-block-column is-layout-flow wp-block-column-is-layout-flow\">\n<figure class=\"wp-block-image size-large is-resized\"><a href=\"https:\/\/todoporsalud.com\/?cat=3\"><img loading=\"lazy\" decoding=\"async\" src=\"https:\/\/todoporsalud.com\/wp-content\/uploads\/2023\/06\/nutricion-e1687307696989-1024x468.jpeg\" alt=\"\" class=\"wp-image-13\" width=\"249\" height=\"113\"\/><\/a><\/figure>\n\n\n\n<p class=\"has-text-align-center\"><a href=\"https:\/\/todoporsalud.com\/?cat=3\">Alimentaci\u00f3n y Nutrici\u00f3n<\/a><\/p>\n<\/div>\n\n\n\n<div class=\"wp-block-column is-layout-flow wp-block-column-is-layout-flow\">\n<figure class=\"wp-block-image size-large\"><a href=\"https:\/\/todoporsalud.com\/?cat=4\"><img decoding=\"async\" src=\"https:\/\/todoporsalud.com\/wp-content\/uploads\/2023\/06\/habitos-e1687307885109-1024x473.webp\" alt=\"\" class=\"wp-image-14\"\/><\/a><\/figure>\n\n\n\n<p class=\"has-text-align-center\"><a href=\"https:\/\/todoporsalud.com\/?cat=4\">H\u00e1bitos<\/a><\/p>\n<\/div>\n<\/div>\n\n\n\n<div class=\"wp-block-columns is-layout-flex wp-container-core-columns-is-layout-9d6595d7 wp-block-columns-is-layout-flex\">\n<div class=\"wp-block-column is-layout-flow wp-block-column-is-layout-flow\">\n<figure class=\"wp-block-image size-large is-resized\"><a href=\"https:\/\/todoporsalud.com\/?cat=5\"><img loading=\"lazy\" decoding=\"async\" src=\"https:\/\/todoporsalud.com\/wp-content\/uploads\/2023\/06\/actividad-fisica-1024x468.jpeg\" alt=\"\" class=\"wp-image-30\" width=\"251\" height=\"114\" srcset=\"https:\/\/todoporsalud.com\/wp-content\/uploads\/2023\/06\/actividad-fisica-1024x468.jpeg 1024w, https:\/\/todoporsalud.com\/wp-content\/uploads\/2023\/06\/actividad-fisica-300x137.jpeg 300w, https:\/\/todoporsalud.com\/wp-content\/uploads\/2023\/06\/actividad-fisica-768x351.jpeg 768w, https:\/\/todoporsalud.com\/wp-content\/uploads\/2023\/06\/actividad-fisica.jpeg 1125w\" sizes=\"auto, (max-width: 251px) 100vw, 251px\" \/><\/a><\/figure>\n\n\n\n<p class=\"has-text-align-center\"><a href=\"https:\/\/todoporsalud.com\/?cat=5\">Actividad F\u00edsica<\/a><\/p>\n<\/div>\n\n\n\n<div class=\"wp-block-column is-layout-flow wp-block-column-is-layout-flow\">\n<figure class=\"wp-block-image size-large is-resized\"><a href=\"https:\/\/todoporsalud.com\/?cat=6\"><img loading=\"lazy\" decoding=\"async\" src=\"https:\/\/todoporsalud.com\/wp-content\/uploads\/2023\/06\/dietas-1024x468.jpg\" alt=\"\" class=\"wp-image-31\" width=\"251\" height=\"114\" srcset=\"https:\/\/todoporsalud.com\/wp-content\/uploads\/2023\/06\/dietas-1024x468.jpg 1024w, https:\/\/todoporsalud.com\/wp-content\/uploads\/2023\/06\/dietas-300x137.jpg 300w, https:\/\/todoporsalud.com\/wp-content\/uploads\/2023\/06\/dietas-768x351.jpg 768w, https:\/\/todoporsalud.com\/wp-content\/uploads\/2023\/06\/dietas.jpg 1125w\" sizes=\"auto, (max-width: 251px) 100vw, 251px\" \/><\/a><\/figure>\n\n\n\n<p class=\"has-text-align-center\"><a href=\"https:\/\/todoporsalud.com\/?cat=6\">Salud General<\/a><\/p>\n<\/div>\n\n\n\n<div class=\"wp-block-column is-layout-flow wp-block-column-is-layout-flow\">\n<figure class=\"wp-block-image size-large is-resized\"><a href=\"https:\/\/todoporsalud.com\/?cat=7\"><img loading=\"lazy\" decoding=\"async\" src=\"https:\/\/todoporsalud.com\/wp-content\/uploads\/2023\/06\/mental-1024x468.jpeg\" alt=\"\" class=\"wp-image-32\" width=\"251\" height=\"114\" srcset=\"https:\/\/todoporsalud.com\/wp-content\/uploads\/2023\/06\/mental-1024x468.jpeg 1024w, https:\/\/todoporsalud.com\/wp-content\/uploads\/2023\/06\/mental-300x137.jpeg 300w, https:\/\/todoporsalud.com\/wp-content\/uploads\/2023\/06\/mental-768x351.jpeg 768w, https:\/\/todoporsalud.com\/wp-content\/uploads\/2023\/06\/mental.jpeg 1125w\" sizes=\"auto, (max-width: 251px) 100vw, 251px\" \/><\/a><\/figure>\n\n\n\n<p class=\"has-text-align-center\"><a href=\"https:\/\/todoporsalud.com\/?cat=7\">Salud Mental<\/a><\/p>\n<\/div>\n<\/div>\n","protected":false},"excerpt":{"rendered":"<p>La Web especializada en art\u00edculos de salud, recetas, dietas, ejercicios, deportes, h\u00e1bitos y mucho m\u00e1s, todo en un solo lugar y para tu salud. Con tanta informaci\u00f3n en internet, puede ser dif\u00edcil determinar qu\u00e9 es exacto, pero aqu\u00ed tienes todo en un solo lugar, en todoporsalud.com podemos aportarte valiosas ideas sobre temas como el metabolismo, &#8230; <a title=\"TODO POR SALUD\" class=\"read-more\" href=\"https:\/\/todoporsalud.com\/\" aria-label=\"M\u00e1s en TODO POR SALUD\">Leer m\u00e1s<\/a><\/p>\n","protected":false},"author":1,"featured_media":0,"parent":0,"menu_order":0,"comment_status":"closed","ping_status":"closed","template":"","meta":{"footnotes":""},"class_list":["post-8","page","type-page","status-publish"],"yoast_head":"<!-- This site is optimized with the Yoast SEO plugin v27.5 - https:\/\/yoast.com\/product\/yoast-seo-wordpress\/ -->\n<title>TODO POR SALUD - Todo por Salud<\/title>\n<meta name=\"robots\" content=\"index, follow, max-snippet:-1, max-image-preview:large, max-video-preview:-1\" \/>\n<link rel=\"canonical\" href=\"https:\/\/todoporsalud.com\/\" \/>\n<meta property=\"og:locale\" content=\"es_ES\" \/>\n<meta property=\"og:type\" content=\"article\" \/>\n<meta property=\"og:title\" content=\"TODO POR SALUD - Todo por Salud\" \/>\n<meta property=\"og:description\" content=\"La Web especializada en art\u00edculos de salud, recetas, dietas, ejercicios, deportes, h\u00e1bitos y mucho m\u00e1s, todo en un solo lugar y para tu salud. Con tanta informaci\u00f3n en internet, puede ser dif\u00edcil determinar qu\u00e9 es exacto, pero aqu\u00ed tienes todo en un solo lugar, en todoporsalud.com podemos aportarte valiosas ideas sobre temas como el metabolismo, ... Leer m\u00e1s\" \/>\n<meta property=\"og:url\" content=\"https:\/\/todoporsalud.com\/\" \/>\n<meta property=\"og:site_name\" content=\"Todo por Salud\" \/>\n<meta property=\"article:modified_time\" content=\"2023-06-28T19:58:33+00:00\" \/>\n<meta property=\"og:image\" content=\"https:\/\/todoporsalud.com\/wp-content\/uploads\/2023\/06\/metabolismo.jpg\" \/>\n<meta name=\"twitter:card\" content=\"summary_large_image\" \/>\n<meta name=\"twitter:label1\" content=\"Tiempo de lectura\" \/>\n\t<meta name=\"twitter:data1\" content=\"1 minuto\" \/>\n<script type=\"application\/ld+json\" class=\"yoast-schema-graph\">{\"@context\":\"https:\\\/\\\/schema.org\",\"@graph\":[{\"@type\":\"WebPage\",\"@id\":\"https:\\\/\\\/todoporsalud.com\\\/\",\"url\":\"https:\\\/\\\/todoporsalud.com\\\/\",\"name\":\"TODO POR SALUD - Todo por Salud\",\"isPartOf\":{\"@id\":\"https:\\\/\\\/todoporsalud.com\\\/#website\"},\"primaryImageOfPage\":{\"@id\":\"https:\\\/\\\/todoporsalud.com\\\/#primaryimage\"},\"image\":{\"@id\":\"https:\\\/\\\/todoporsalud.com\\\/#primaryimage\"},\"thumbnailUrl\":\"https:\\\/\\\/todoporsalud.com\\\/wp-content\\\/uploads\\\/2023\\\/06\\\/metabolismo.jpg\",\"datePublished\":\"2023-06-20T23:52:41+00:00\",\"dateModified\":\"2023-06-28T19:58:33+00:00\",\"breadcrumb\":{\"@id\":\"https:\\\/\\\/todoporsalud.com\\\/#breadcrumb\"},\"inLanguage\":\"es\",\"potentialAction\":[{\"@type\":\"ReadAction\",\"target\":[\"https:\\\/\\\/todoporsalud.com\\\/\"]}]},{\"@type\":\"ImageObject\",\"inLanguage\":\"es\",\"@id\":\"https:\\\/\\\/todoporsalud.com\\\/#primaryimage\",\"url\":\"https:\\\/\\\/todoporsalud.com\\\/wp-content\\\/uploads\\\/2023\\\/06\\\/metabolismo.jpg\",\"contentUrl\":\"https:\\\/\\\/todoporsalud.com\\\/wp-content\\\/uploads\\\/2023\\\/06\\\/metabolismo.jpg\",\"width\":1125,\"height\":514,\"caption\":\"Insulin being released into bloodstream to bind glucose\"},{\"@type\":\"BreadcrumbList\",\"@id\":\"https:\\\/\\\/todoporsalud.com\\\/#breadcrumb\",\"itemListElement\":[{\"@type\":\"ListItem\",\"position\":1,\"name\":\"Portada\",\"item\":\"https:\\\/\\\/todoporsalud.com\\\/\"},{\"@type\":\"ListItem\",\"position\":2,\"name\":\"TODO POR SALUD\"}]},{\"@type\":\"WebSite\",\"@id\":\"https:\\\/\\\/todoporsalud.com\\\/#website\",\"url\":\"https:\\\/\\\/todoporsalud.com\\\/\",\"name\":\"Todo por Salud\",\"description\":\"Web especializada en Art\u00edculos de Salud\",\"publisher\":{\"@id\":\"https:\\\/\\\/todoporsalud.com\\\/#organization\"},\"potentialAction\":[{\"@type\":\"SearchAction\",\"target\":{\"@type\":\"EntryPoint\",\"urlTemplate\":\"https:\\\/\\\/todoporsalud.com\\\/?s={search_term_string}\"},\"query-input\":{\"@type\":\"PropertyValueSpecification\",\"valueRequired\":true,\"valueName\":\"search_term_string\"}}],\"inLanguage\":\"es\"},{\"@type\":\"Organization\",\"@id\":\"https:\\\/\\\/todoporsalud.com\\\/#organization\",\"name\":\"Todo por Salud\",\"url\":\"https:\\\/\\\/todoporsalud.com\\\/\",\"logo\":{\"@type\":\"ImageObject\",\"inLanguage\":\"es\",\"@id\":\"https:\\\/\\\/todoporsalud.com\\\/#\\\/schema\\\/logo\\\/image\\\/\",\"url\":\"https:\\\/\\\/todoporsalud.com\\\/wp-content\\\/uploads\\\/2023\\\/06\\\/logofinal.jpg\",\"contentUrl\":\"https:\\\/\\\/todoporsalud.com\\\/wp-content\\\/uploads\\\/2023\\\/06\\\/logofinal.jpg\",\"width\":202,\"height\":70,\"caption\":\"Todo por Salud\"},\"image\":{\"@id\":\"https:\\\/\\\/todoporsalud.com\\\/#\\\/schema\\\/logo\\\/image\\\/\"}}]}<\/script>\n<!-- \/ Yoast SEO plugin. -->","yoast_head_json":{"title":"TODO POR SALUD - Todo por Salud","robots":{"index":"index","follow":"follow","max-snippet":"max-snippet:-1","max-image-preview":"max-image-preview:large","max-video-preview":"max-video-preview:-1"},"canonical":"https:\/\/todoporsalud.com\/","og_locale":"es_ES","og_type":"article","og_title":"TODO POR SALUD - Todo por Salud","og_description":"La Web especializada en art\u00edculos de salud, recetas, dietas, ejercicios, deportes, h\u00e1bitos y mucho m\u00e1s, todo en un solo lugar y para tu salud. Con tanta informaci\u00f3n en internet, puede ser dif\u00edcil determinar qu\u00e9 es exacto, pero aqu\u00ed tienes todo en un solo lugar, en todoporsalud.com podemos aportarte valiosas ideas sobre temas como el metabolismo, ... Leer m\u00e1s","og_url":"https:\/\/todoporsalud.com\/","og_site_name":"Todo por Salud","article_modified_time":"2023-06-28T19:58:33+00:00","og_image":[{"url":"https:\/\/todoporsalud.com\/wp-content\/uploads\/2023\/06\/metabolismo.jpg","type":"","width":"","height":""}],"twitter_card":"summary_large_image","twitter_misc":{"Tiempo de lectura":"1 minuto"},"schema":{"@context":"https:\/\/schema.org","@graph":[{"@type":"WebPage","@id":"https:\/\/todoporsalud.com\/","url":"https:\/\/todoporsalud.com\/","name":"TODO POR SALUD - Todo por Salud","isPartOf":{"@id":"https:\/\/todoporsalud.com\/#website"},"primaryImageOfPage":{"@id":"https:\/\/todoporsalud.com\/#primaryimage"},"image":{"@id":"https:\/\/todoporsalud.com\/#primaryimage"},"thumbnailUrl":"https:\/\/todoporsalud.com\/wp-content\/uploads\/2023\/06\/metabolismo.jpg","datePublished":"2023-06-20T23:52:41+00:00","dateModified":"2023-06-28T19:58:33+00:00","breadcrumb":{"@id":"https:\/\/todoporsalud.com\/#breadcrumb"},"inLanguage":"es","potentialAction":[{"@type":"ReadAction","target":["https:\/\/todoporsalud.com\/"]}]},{"@type":"ImageObject","inLanguage":"es","@id":"https:\/\/todoporsalud.com\/#primaryimage","url":"https:\/\/todoporsalud.com\/wp-content\/uploads\/2023\/06\/metabolismo.jpg","contentUrl":"https:\/\/todoporsalud.com\/wp-content\/uploads\/2023\/06\/metabolismo.jpg","width":1125,"height":514,"caption":"Insulin being released into bloodstream to bind glucose"},{"@type":"BreadcrumbList","@id":"https:\/\/todoporsalud.com\/#breadcrumb","itemListElement":[{"@type":"ListItem","position":1,"name":"Portada","item":"https:\/\/todoporsalud.com\/"},{"@type":"ListItem","position":2,"name":"TODO POR SALUD"}]},{"@type":"WebSite","@id":"https:\/\/todoporsalud.com\/#website","url":"https:\/\/todoporsalud.com\/","name":"Todo por Salud","description":"Web especializada en Art\u00edculos de Salud","publisher":{"@id":"https:\/\/todoporsalud.com\/#organization"},"potentialAction":[{"@type":"SearchAction","target":{"@type":"EntryPoint","urlTemplate":"https:\/\/todoporsalud.com\/?s={search_term_string}"},"query-input":{"@type":"PropertyValueSpecification","valueRequired":true,"valueName":"search_term_string"}}],"inLanguage":"es"},{"@type":"Organization","@id":"https:\/\/todoporsalud.com\/#organization","name":"Todo por Salud","url":"https:\/\/todoporsalud.com\/","logo":{"@type":"ImageObject","inLanguage":"es","@id":"https:\/\/todoporsalud.com\/#\/schema\/logo\/image\/","url":"https:\/\/todoporsalud.com\/wp-content\/uploads\/2023\/06\/logofinal.jpg","contentUrl":"https:\/\/todoporsalud.com\/wp-content\/uploads\/2023\/06\/logofinal.jpg","width":202,"height":70,"caption":"Todo por Salud"},"image":{"@id":"https:\/\/todoporsalud.com\/#\/schema\/logo\/image\/"}}]}},"_links":{"self":[{"href":"https:\/\/todoporsalud.com\/index.php?rest_route=\/wp\/v2\/pages\/8","targetHints":{"allow":["GET"]}}],"collection":[{"href":"https:\/\/todoporsalud.com\/index.php?rest_route=\/wp\/v2\/pages"}],"about":[{"href":"https:\/\/todoporsalud.com\/index.php?rest_route=\/wp\/v2\/types\/page"}],"author":[{"embeddable":true,"href":"https:\/\/todoporsalud.com\/index.php?rest_route=\/wp\/v2\/users\/1"}],"replies":[{"embeddable":true,"href":"https:\/\/todoporsalud.com\/index.php?rest_route=%2Fwp%2Fv2%2Fcomments&post=8"}],"version-history":[{"count":14,"href":"https:\/\/todoporsalud.com\/index.php?rest_route=\/wp\/v2\/pages\/8\/revisions"}],"predecessor-version":[{"id":516,"href":"https:\/\/todoporsalud.com\/index.php?rest_route=\/wp\/v2\/pages\/8\/revisions\/516"}],"wp:attachment":[{"href":"https:\/\/todoporsalud.com\/index.php?rest_route=%2Fwp%2Fv2%2Fmedia&parent=8"}],"curies":[{"name":"wp","href":"https:\/\/api.w.org\/{rel}","templated":true}]}}